{"id":4504,"date":"2018-11-20T14:48:36","date_gmt":"2018-11-20T14:48:36","guid":{"rendered":"https:\/\/hotell.uhotelsgroup.com\/vihularestoran\/food\/"},"modified":"2020-03-19T19:12:10","modified_gmt":"2020-03-19T19:12:10","slug":"toit","status":"publish","type":"page","link":"https:\/\/www.vihularesto.com\/et\/galerii\/toit\/","title":{"rendered":"Toit"},"content":{"rendered":"","protected":false},"excerpt":{"rendered":"","protected":false},"author":1,"featured_media":0,"parent":4514,"menu_order":0,"comment_status":"closed","ping_status":"closed","template":"","meta":{"_acf_changed":false,"footnotes":""},"class_list":["post-4504","page","type-page","status-publish","hentry"],"acf":[],"yoast_head":"<!-- This site is optimized with the Yoast SEO plugin v25.4 - https:\/\/yoast.com\/wordpress\/plugins\/seo\/ -->\n<title>Toit - Vihula M\u00f5isa Restoran<\/title>\n<meta name=\"description\" content=\"Toit, mis valmib Vihula M\u00f5isa restoranis peakokk Fred Ruubeli k\u00e4e all on justkui kunst taldrikul. Vaata galeriid ja tutvu roogadega meie kodulehel.\" \/>\n<meta name=\"robots\" content=\"index, follow, max-snippet:-1, max-image-preview:large, max-video-preview:-1\" \/>\n<link rel=\"canonical\" href=\"https:\/\/www.vihularesto.com\/et\/galerii\/toit\/\" \/>\n<meta property=\"og:locale\" content=\"et_EE\" \/>\n<meta property=\"og:type\" content=\"article\" \/>\n<meta property=\"og:title\" content=\"Toit - Vihula M\u00f5isa Restoran\" \/>\n<meta property=\"og:description\" content=\"Toit, mis valmib Vihula M\u00f5isa restoranis peakokk Fred Ruubeli k\u00e4e all on justkui kunst taldrikul. Vaata galeriid ja tutvu roogadega meie kodulehel.\" \/>\n<meta property=\"og:url\" content=\"https:\/\/www.vihularesto.com\/et\/galerii\/toit\/\" \/>\n<meta property=\"og:site_name\" content=\"Vihula M\u00f5isa Restoran\" \/>\n<meta property=\"article:modified_time\" content=\"2020-03-19T19:12:10+00:00\" \/>\n<meta name=\"twitter:card\" content=\"summary_large_image\" \/>\n<script type=\"application\/ld+json\" class=\"yoast-schema-graph\">{\"@context\":\"https:\/\/schema.org\",\"@graph\":[{\"@type\":\"WebPage\",\"@id\":\"https:\/\/www.vihularesto.com\/et\/galerii\/toit\/\",\"url\":\"https:\/\/www.vihularesto.com\/et\/galerii\/toit\/\",\"name\":\"Toit - Vihula M\u00f5isa Restoran\",\"isPartOf\":{\"@id\":\"https:\/\/www.vihularesto.com\/et\/#website\"},\"datePublished\":\"2018-11-20T14:48:36+00:00\",\"dateModified\":\"2020-03-19T19:12:10+00:00\",\"description\":\"Toit, mis valmib Vihula M\u00f5isa restoranis peakokk Fred Ruubeli k\u00e4e all on justkui kunst taldrikul. Vaata galeriid ja tutvu roogadega meie kodulehel.\",\"breadcrumb\":{\"@id\":\"https:\/\/www.vihularesto.com\/et\/galerii\/toit\/#breadcrumb\"},\"inLanguage\":\"et\",\"potentialAction\":[{\"@type\":\"ReadAction\",\"target\":[\"https:\/\/www.vihularesto.com\/et\/galerii\/toit\/\"]}]},{\"@type\":\"BreadcrumbList\",\"@id\":\"https:\/\/www.vihularesto.com\/et\/galerii\/toit\/#breadcrumb\",\"itemListElement\":[{\"@type\":\"ListItem\",\"position\":1,\"name\":\"Home\",\"item\":\"https:\/\/www.vihularesto.com\/et\/\"},{\"@type\":\"ListItem\",\"position\":2,\"name\":\"Galerii\",\"item\":\"https:\/\/www.vihularesto.com\/et\/galerii\/\"},{\"@type\":\"ListItem\",\"position\":3,\"name\":\"Toit\"}]},{\"@type\":\"WebSite\",\"@id\":\"https:\/\/www.vihularesto.com\/et\/#website\",\"url\":\"https:\/\/www.vihularesto.com\/et\/\",\"name\":\"Vihula M\u00f5isa Restoran\",\"description\":\"al Hotel |\u00a0Hotel in the centre of Tallinn Sites site\",\"publisher\":{\"@id\":\"https:\/\/www.vihularesto.com\/et\/#organization\"},\"potentialAction\":[{\"@type\":\"SearchAction\",\"target\":{\"@type\":\"EntryPoint\",\"urlTemplate\":\"https:\/\/www.vihularesto.com\/et\/?s={search_term_string}\"},\"query-input\":{\"@type\":\"PropertyValueSpecification\",\"valueRequired\":true,\"valueName\":\"search_term_string\"}}],\"inLanguage\":\"et\"},{\"@type\":\"Organization\",\"@id\":\"https:\/\/www.vihularesto.com\/et\/#organization\",\"name\":\"Vihula M\u00f5isa Restoran\",\"url\":\"https:\/\/www.vihularesto.com\/et\/\",\"logo\":{\"@type\":\"ImageObject\",\"inLanguage\":\"et\",\"@id\":\"https:\/\/www.vihularesto.com\/et\/#\/schema\/logo\/image\/\",\"url\":\"https:\/\/www.vihularesto.com\/wp-content\/uploads\/sites\/10\/2019\/03\/Vihula-mo\u0303isa-restoran_logo-valge-01-01.svg\",\"contentUrl\":\"https:\/\/www.vihularesto.com\/wp-content\/uploads\/sites\/10\/2019\/03\/Vihula-mo\u0303isa-restoran_logo-valge-01-01.svg\",\"width\":96,\"height\":54,\"caption\":\"Vihula M\u00f5isa Restoran\"},\"image\":{\"@id\":\"https:\/\/www.vihularesto.com\/et\/#\/schema\/logo\/image\/\"}}]}<\/script>\n<!-- \/ Yoast SEO plugin. -->","yoast_head_json":{"title":"Toit - Vihula M\u00f5isa Restoran","description":"Toit, mis valmib Vihula M\u00f5isa restoranis peakokk Fred Ruubeli k\u00e4e all on justkui kunst taldrikul. Vaata galeriid ja tutvu roogadega meie kodulehel.","robots":{"index":"index","follow":"follow","max-snippet":"max-snippet:-1","max-image-preview":"max-image-preview:large","max-video-preview":"max-video-preview:-1"},"canonical":"https:\/\/www.vihularesto.com\/et\/galerii\/toit\/","og_locale":"et_EE","og_type":"article","og_title":"Toit - Vihula M\u00f5isa Restoran","og_description":"Toit, mis valmib Vihula M\u00f5isa restoranis peakokk Fred Ruubeli k\u00e4e all on justkui kunst taldrikul. Vaata galeriid ja tutvu roogadega meie kodulehel.","og_url":"https:\/\/www.vihularesto.com\/et\/galerii\/toit\/","og_site_name":"Vihula M\u00f5isa Restoran","article_modified_time":"2020-03-19T19:12:10+00:00","twitter_card":"summary_large_image","schema":{"@context":"https:\/\/schema.org","@graph":[{"@type":"WebPage","@id":"https:\/\/www.vihularesto.com\/et\/galerii\/toit\/","url":"https:\/\/www.vihularesto.com\/et\/galerii\/toit\/","name":"Toit - Vihula M\u00f5isa Restoran","isPartOf":{"@id":"https:\/\/www.vihularesto.com\/et\/#website"},"datePublished":"2018-11-20T14:48:36+00:00","dateModified":"2020-03-19T19:12:10+00:00","description":"Toit, mis valmib Vihula M\u00f5isa restoranis peakokk Fred Ruubeli k\u00e4e all on justkui kunst taldrikul. Vaata galeriid ja tutvu roogadega meie kodulehel.","breadcrumb":{"@id":"https:\/\/www.vihularesto.com\/et\/galerii\/toit\/#breadcrumb"},"inLanguage":"et","potentialAction":[{"@type":"ReadAction","target":["https:\/\/www.vihularesto.com\/et\/galerii\/toit\/"]}]},{"@type":"BreadcrumbList","@id":"https:\/\/www.vihularesto.com\/et\/galerii\/toit\/#breadcrumb","itemListElement":[{"@type":"ListItem","position":1,"name":"Home","item":"https:\/\/www.vihularesto.com\/et\/"},{"@type":"ListItem","position":2,"name":"Galerii","item":"https:\/\/www.vihularesto.com\/et\/galerii\/"},{"@type":"ListItem","position":3,"name":"Toit"}]},{"@type":"WebSite","@id":"https:\/\/www.vihularesto.com\/et\/#website","url":"https:\/\/www.vihularesto.com\/et\/","name":"Vihula M\u00f5isa Restoran","description":"al Hotel |\u00a0Hotel in the centre of Tallinn Sites site","publisher":{"@id":"https:\/\/www.vihularesto.com\/et\/#organization"},"potentialAction":[{"@type":"SearchAction","target":{"@type":"EntryPoint","urlTemplate":"https:\/\/www.vihularesto.com\/et\/?s={search_term_string}"},"query-input":{"@type":"PropertyValueSpecification","valueRequired":true,"valueName":"search_term_string"}}],"inLanguage":"et"},{"@type":"Organization","@id":"https:\/\/www.vihularesto.com\/et\/#organization","name":"Vihula M\u00f5isa Restoran","url":"https:\/\/www.vihularesto.com\/et\/","logo":{"@type":"ImageObject","inLanguage":"et","@id":"https:\/\/www.vihularesto.com\/et\/#\/schema\/logo\/image\/","url":"https:\/\/www.vihularesto.com\/wp-content\/uploads\/sites\/10\/2019\/03\/Vihula-mo\u0303isa-restoran_logo-valge-01-01.svg","contentUrl":"https:\/\/www.vihularesto.com\/wp-content\/uploads\/sites\/10\/2019\/03\/Vihula-mo\u0303isa-restoran_logo-valge-01-01.svg","width":96,"height":54,"caption":"Vihula M\u00f5isa Restoran"},"image":{"@id":"https:\/\/www.vihularesto.com\/et\/#\/schema\/logo\/image\/"}}]}},"_links":{"self":[{"href":"https:\/\/www.vihularesto.com\/et\/wp-json\/wp\/v2\/pages\/4504","targetHints":{"allow":["GET"]}}],"collection":[{"href":"https:\/\/www.vihularesto.com\/et\/wp-json\/wp\/v2\/pages"}],"about":[{"href":"https:\/\/www.vihularesto.com\/et\/wp-json\/wp\/v2\/types\/page"}],"author":[{"embeddable":true,"href":"https:\/\/www.vihularesto.com\/et\/wp-json\/wp\/v2\/users\/1"}],"replies":[{"embeddable":true,"href":"https:\/\/www.vihularesto.com\/et\/wp-json\/wp\/v2\/comments?post=4504"}],"version-history":[{"count":15,"href":"https:\/\/www.vihularesto.com\/et\/wp-json\/wp\/v2\/pages\/4504\/revisions"}],"predecessor-version":[{"id":4704,"href":"https:\/\/www.vihularesto.com\/et\/wp-json\/wp\/v2\/pages\/4504\/revisions\/4704"}],"up":[{"embeddable":true,"href":"https:\/\/www.vihularesto.com\/et\/wp-json\/wp\/v2\/pages\/4514"}],"wp:attachment":[{"href":"https:\/\/www.vihularesto.com\/et\/wp-json\/wp\/v2\/media?parent=4504"}],"curies":[{"name":"wp","href":"https:\/\/api.w.org\/{rel}","templated":true}]}}